{"id":1185,"date":"2024-10-08T21:22:18","date_gmt":"2024-10-08T21:22:18","guid":{"rendered":"https:\/\/kcreklame.hr\/shop\/?post_type=product&#038;p=1185"},"modified":"2024-10-10T21:06:07","modified_gmt":"2024-10-10T21:06:07","slug":"nairobi-a4-rokovnik-s-tiskom","status":"publish","type":"product","link":"https:\/\/kcreklame.hr\/shop\/product\/nairobi-a4-rokovnik-s-tiskom\/","title":{"rendered":"NAIROBI A4, rokovnik s tiskom"},"content":{"rendered":"<p>Za ve\u0107e koli\u010dine odobravamo rabat. Kontaktirajte nas za cijenu.<\/p>\n<p>&nbsp;<\/p>\n","protected":false},"excerpt":{"rendered":"<p><strong>Minimalna narud\u017eba: 5 komada<\/strong><\/p>\n<p>SPECIFIKACIJE<\/p>\n<p>Format: 19,5&#215;26 cm<\/p>\n<p>Opseg: 224 str.<\/p>\n<p>Tisak: u 2 boje na bijelom 80 g\/m\u00b2 papiru<\/p>\n<p>Sadr\u017eaj: dio za upisivanje osobnih podataka, kalendar za \u010detiri godine, vremenske zone, mjerne jedinice, me\u0111usobne udaljenosti europskih gradova, trajanje letova izme\u0111u svjetskih gradova, popis mjesta i po\u0161tanskih brojeva u RH, me\u0111unarodni pozivni brojevi, skra\u0107enice i oznake u me\u0111unarodnoj trgovini i prometu, svjetske valute. Ostatak rokovnika su bilje\u0161ke.<\/p>\n<p>Tehnika tiska: digitalni tisak<\/p>\n<p><strong>U cijenu uklju\u010den tisak Va\u0161eg logotipa.<\/strong><\/p>\n<p><strong>LOGOTIP:<\/strong> Logotip slati isklju\u010divo u pdf ili eps formatu, ukoliko nemate u vektorskom formatu kontaktirajte nas u vezi dogovora oko tiska.<\/p>\n<p><strong>\u0160ifra: <\/strong>993028<\/p>\n","protected":false},"featured_media":1261,"comment_status":"open","ping_status":"closed","template":"","meta":[],"product_brand":[],"product_cat":[76],"product_tag":[],"class_list":{"0":"post-1185","1":"product","2":"type-product","3":"status-publish","4":"has-post-thumbnail","6":"product_cat-rokovnik-notes","8":"first","9":"instock","10":"taxable","11":"shipping-taxable","12":"purchasable","13":"product-type-simple"},"yoast_head":"<!-- This site is optimized with the Yoast SEO plugin v27.4 - https:\/\/yoast.com\/product\/yoast-seo-wordpress\/ -->\n<title>NAIROBI A4, rokovnik s tiskom - REKLAM - Promo materijali<\/title>\n<meta name=\"description\" content=\"Promo materijali s tiskom. Posjetite na\u0161 webshop i pogledajte \u0161iroku ponudu promotivnih materijala. Reklamirajte svoju tvrtku kroz razne proizvode poput penkala, upalja\u010da, privjesaka, rokovnika, notesa, usb kartica, satova i dr.Posjetite shop i upoznajte na\u0161u galeriju proizvoda.\" \/>\n<meta name=\"robots\" content=\"index, follow, max-snippet:-1, max-image-preview:large, max-video-preview:-1\" \/>\n<link rel=\"canonical\" href=\"https:\/\/kcreklame.hr\/shop\/product\/nairobi-a4-rokovnik-s-tiskom\/\" \/>\n<meta property=\"og:locale\" content=\"hr_HR\" \/>\n<meta property=\"og:type\" content=\"article\" \/>\n<meta property=\"og:title\" content=\"NAIROBI A4, rokovnik s tiskom - REKLAM - Promo materijali\" \/>\n<meta property=\"og:description\" content=\"Promo materijali s tiskom. Posjetite na\u0161 webshop i pogledajte \u0161iroku ponudu promotivnih materijala. Reklamirajte svoju tvrtku kroz razne proizvode poput penkala, upalja\u010da, privjesaka, rokovnika, notesa, usb kartica, satova i dr.Posjetite shop i upoznajte na\u0161u galeriju proizvoda.\" \/>\n<meta property=\"og:url\" content=\"https:\/\/kcreklame.hr\/shop\/product\/nairobi-a4-rokovnik-s-tiskom\/\" \/>\n<meta property=\"og:site_name\" content=\"REKLAM\" \/>\n<meta property=\"article:modified_time\" content=\"2024-10-10T21:06:07+00:00\" \/>\n<meta property=\"og:image\" content=\"https:\/\/kcreklame.hr\/shop\/wp-content\/uploads\/2024\/10\/NAIROBI-1.jpg\" \/>\n\t<meta property=\"og:image:width\" content=\"600\" \/>\n\t<meta property=\"og:image:height\" content=\"600\" \/>\n\t<meta property=\"og:image:type\" content=\"image\/jpeg\" \/>\n<meta name=\"twitter:card\" content=\"summary_large_image\" \/>\n<meta name=\"twitter:label1\" content=\"Procijenjeno vrijeme \u010ditanja\" \/>\n\t<meta name=\"twitter:data1\" content=\"1 minuta\" \/>\n<script type=\"application\/ld+json\" class=\"yoast-schema-graph\">{\"@context\":\"https:\\\/\\\/schema.org\",\"@graph\":[{\"@type\":\"WebPage\",\"@id\":\"https:\\\/\\\/kcreklame.hr\\\/shop\\\/product\\\/nairobi-a4-rokovnik-s-tiskom\\\/\",\"url\":\"https:\\\/\\\/kcreklame.hr\\\/shop\\\/product\\\/nairobi-a4-rokovnik-s-tiskom\\\/\",\"name\":\"NAIROBI A4, rokovnik s tiskom - REKLAM - Promo materijali\",\"isPartOf\":{\"@id\":\"https:\\\/\\\/kcreklame.hr\\\/shop\\\/#website\"},\"primaryImageOfPage\":{\"@id\":\"https:\\\/\\\/kcreklame.hr\\\/shop\\\/product\\\/nairobi-a4-rokovnik-s-tiskom\\\/#primaryimage\"},\"image\":{\"@id\":\"https:\\\/\\\/kcreklame.hr\\\/shop\\\/product\\\/nairobi-a4-rokovnik-s-tiskom\\\/#primaryimage\"},\"thumbnailUrl\":\"https:\\\/\\\/kcreklame.hr\\\/shop\\\/wp-content\\\/uploads\\\/2024\\\/10\\\/NAIROBI-1.jpg\",\"datePublished\":\"2024-10-08T21:22:18+00:00\",\"dateModified\":\"2024-10-10T21:06:07+00:00\",\"description\":\"Promo materijali s tiskom. Posjetite na\u0161 webshop i pogledajte \u0161iroku ponudu promotivnih materijala. Reklamirajte svoju tvrtku kroz razne proizvode poput penkala, upalja\u010da, privjesaka, rokovnika, notesa, usb kartica, satova i dr.Posjetite shop i upoznajte na\u0161u galeriju proizvoda.\",\"breadcrumb\":{\"@id\":\"https:\\\/\\\/kcreklame.hr\\\/shop\\\/product\\\/nairobi-a4-rokovnik-s-tiskom\\\/#breadcrumb\"},\"inLanguage\":\"hr\",\"potentialAction\":[{\"@type\":\"ReadAction\",\"target\":[\"https:\\\/\\\/kcreklame.hr\\\/shop\\\/product\\\/nairobi-a4-rokovnik-s-tiskom\\\/\"]}]},{\"@type\":\"ImageObject\",\"inLanguage\":\"hr\",\"@id\":\"https:\\\/\\\/kcreklame.hr\\\/shop\\\/product\\\/nairobi-a4-rokovnik-s-tiskom\\\/#primaryimage\",\"url\":\"https:\\\/\\\/kcreklame.hr\\\/shop\\\/wp-content\\\/uploads\\\/2024\\\/10\\\/NAIROBI-1.jpg\",\"contentUrl\":\"https:\\\/\\\/kcreklame.hr\\\/shop\\\/wp-content\\\/uploads\\\/2024\\\/10\\\/NAIROBI-1.jpg\",\"width\":600,\"height\":600},{\"@type\":\"BreadcrumbList\",\"@id\":\"https:\\\/\\\/kcreklame.hr\\\/shop\\\/product\\\/nairobi-a4-rokovnik-s-tiskom\\\/#breadcrumb\",\"itemListElement\":[{\"@type\":\"ListItem\",\"position\":1,\"name\":\"Po\u010detna stranica\",\"item\":\"https:\\\/\\\/kcreklame.hr\\\/shop\\\/\"},{\"@type\":\"ListItem\",\"position\":2,\"name\":\"Shop\",\"item\":\"https:\\\/\\\/kcreklame.hr\\\/shop\\\/shop\\\/\"},{\"@type\":\"ListItem\",\"position\":3,\"name\":\"NAIROBI A4, rokovnik s tiskom\"}]},{\"@type\":\"WebSite\",\"@id\":\"https:\\\/\\\/kcreklame.hr\\\/shop\\\/#website\",\"url\":\"https:\\\/\\\/kcreklame.hr\\\/shop\\\/\",\"name\":\"REKLAM\",\"description\":\"Promo materijali\",\"potentialAction\":[{\"@type\":\"SearchAction\",\"target\":{\"@type\":\"EntryPoint\",\"urlTemplate\":\"https:\\\/\\\/kcreklame.hr\\\/shop\\\/?s={search_term_string}\"},\"query-input\":{\"@type\":\"PropertyValueSpecification\",\"valueRequired\":true,\"valueName\":\"search_term_string\"}}],\"inLanguage\":\"hr\"}]}<\/script>\n<!-- \/ Yoast SEO plugin. -->","yoast_head_json":{"title":"NAIROBI A4, rokovnik s tiskom - REKLAM - Promo materijali","description":"Promo materijali s tiskom. Posjetite na\u0161 webshop i pogledajte \u0161iroku ponudu promotivnih materijala. Reklamirajte svoju tvrtku kroz razne proizvode poput penkala, upalja\u010da, privjesaka, rokovnika, notesa, usb kartica, satova i dr.Posjetite shop i upoznajte na\u0161u galeriju proizvoda.","robots":{"index":"index","follow":"follow","max-snippet":"max-snippet:-1","max-image-preview":"max-image-preview:large","max-video-preview":"max-video-preview:-1"},"canonical":"https:\/\/kcreklame.hr\/shop\/product\/nairobi-a4-rokovnik-s-tiskom\/","og_locale":"hr_HR","og_type":"article","og_title":"NAIROBI A4, rokovnik s tiskom - REKLAM - Promo materijali","og_description":"Promo materijali s tiskom. Posjetite na\u0161 webshop i pogledajte \u0161iroku ponudu promotivnih materijala. Reklamirajte svoju tvrtku kroz razne proizvode poput penkala, upalja\u010da, privjesaka, rokovnika, notesa, usb kartica, satova i dr.Posjetite shop i upoznajte na\u0161u galeriju proizvoda.","og_url":"https:\/\/kcreklame.hr\/shop\/product\/nairobi-a4-rokovnik-s-tiskom\/","og_site_name":"REKLAM","article_modified_time":"2024-10-10T21:06:07+00:00","og_image":[{"width":600,"height":600,"url":"https:\/\/kcreklame.hr\/shop\/wp-content\/uploads\/2024\/10\/NAIROBI-1.jpg","type":"image\/jpeg"}],"twitter_card":"summary_large_image","twitter_misc":{"Procijenjeno vrijeme \u010ditanja":"1 minuta"},"schema":{"@context":"https:\/\/schema.org","@graph":[{"@type":"WebPage","@id":"https:\/\/kcreklame.hr\/shop\/product\/nairobi-a4-rokovnik-s-tiskom\/","url":"https:\/\/kcreklame.hr\/shop\/product\/nairobi-a4-rokovnik-s-tiskom\/","name":"NAIROBI A4, rokovnik s tiskom - REKLAM - Promo materijali","isPartOf":{"@id":"https:\/\/kcreklame.hr\/shop\/#website"},"primaryImageOfPage":{"@id":"https:\/\/kcreklame.hr\/shop\/product\/nairobi-a4-rokovnik-s-tiskom\/#primaryimage"},"image":{"@id":"https:\/\/kcreklame.hr\/shop\/product\/nairobi-a4-rokovnik-s-tiskom\/#primaryimage"},"thumbnailUrl":"https:\/\/kcreklame.hr\/shop\/wp-content\/uploads\/2024\/10\/NAIROBI-1.jpg","datePublished":"2024-10-08T21:22:18+00:00","dateModified":"2024-10-10T21:06:07+00:00","description":"Promo materijali s tiskom. Posjetite na\u0161 webshop i pogledajte \u0161iroku ponudu promotivnih materijala. Reklamirajte svoju tvrtku kroz razne proizvode poput penkala, upalja\u010da, privjesaka, rokovnika, notesa, usb kartica, satova i dr.Posjetite shop i upoznajte na\u0161u galeriju proizvoda.","breadcrumb":{"@id":"https:\/\/kcreklame.hr\/shop\/product\/nairobi-a4-rokovnik-s-tiskom\/#breadcrumb"},"inLanguage":"hr","potentialAction":[{"@type":"ReadAction","target":["https:\/\/kcreklame.hr\/shop\/product\/nairobi-a4-rokovnik-s-tiskom\/"]}]},{"@type":"ImageObject","inLanguage":"hr","@id":"https:\/\/kcreklame.hr\/shop\/product\/nairobi-a4-rokovnik-s-tiskom\/#primaryimage","url":"https:\/\/kcreklame.hr\/shop\/wp-content\/uploads\/2024\/10\/NAIROBI-1.jpg","contentUrl":"https:\/\/kcreklame.hr\/shop\/wp-content\/uploads\/2024\/10\/NAIROBI-1.jpg","width":600,"height":600},{"@type":"BreadcrumbList","@id":"https:\/\/kcreklame.hr\/shop\/product\/nairobi-a4-rokovnik-s-tiskom\/#breadcrumb","itemListElement":[{"@type":"ListItem","position":1,"name":"Po\u010detna stranica","item":"https:\/\/kcreklame.hr\/shop\/"},{"@type":"ListItem","position":2,"name":"Shop","item":"https:\/\/kcreklame.hr\/shop\/shop\/"},{"@type":"ListItem","position":3,"name":"NAIROBI A4, rokovnik s tiskom"}]},{"@type":"WebSite","@id":"https:\/\/kcreklame.hr\/shop\/#website","url":"https:\/\/kcreklame.hr\/shop\/","name":"REKLAM","description":"Promo materijali","potentialAction":[{"@type":"SearchAction","target":{"@type":"EntryPoint","urlTemplate":"https:\/\/kcreklame.hr\/shop\/?s={search_term_string}"},"query-input":{"@type":"PropertyValueSpecification","valueRequired":true,"valueName":"search_term_string"}}],"inLanguage":"hr"}]}},"jetpack_sharing_enabled":true,"wcpa_form_fields":null,"_links":{"self":[{"href":"https:\/\/kcreklame.hr\/shop\/wp-json\/wp\/v2\/product\/1185","targetHints":{"allow":["GET"]}}],"collection":[{"href":"https:\/\/kcreklame.hr\/shop\/wp-json\/wp\/v2\/product"}],"about":[{"href":"https:\/\/kcreklame.hr\/shop\/wp-json\/wp\/v2\/types\/product"}],"replies":[{"embeddable":true,"href":"https:\/\/kcreklame.hr\/shop\/wp-json\/wp\/v2\/comments?post=1185"}],"wp:featuredmedia":[{"embeddable":true,"href":"https:\/\/kcreklame.hr\/shop\/wp-json\/wp\/v2\/media\/1261"}],"wp:attachment":[{"href":"https:\/\/kcreklame.hr\/shop\/wp-json\/wp\/v2\/media?parent=1185"}],"wp:term":[{"taxonomy":"product_brand","embeddable":true,"href":"https:\/\/kcreklame.hr\/shop\/wp-json\/wp\/v2\/product_brand?post=1185"},{"taxonomy":"product_cat","embeddable":true,"href":"https:\/\/kcreklame.hr\/shop\/wp-json\/wp\/v2\/product_cat?post=1185"},{"taxonomy":"product_tag","embeddable":true,"href":"https:\/\/kcreklame.hr\/shop\/wp-json\/wp\/v2\/product_tag?post=1185"}],"curies":[{"name":"wp","href":"https:\/\/api.w.org\/{rel}","templated":true}]}}