{"id":1186,"date":"2024-10-08T21:22:18","date_gmt":"2024-10-08T21:22:18","guid":{"rendered":"https:\/\/kcreklame.hr\/shop\/?post_type=product&#038;p=1186"},"modified":"2024-10-08T21:23:19","modified_gmt":"2024-10-08T21:23:19","slug":"light-10-power-bank-s-tiskom","status":"publish","type":"product","link":"https:\/\/kcreklame.hr\/shop\/product\/light-10-power-bank-s-tiskom\/","title":{"rendered":"LIGHT 10  &#8211; Power bank s tiskom"},"content":{"rendered":"<p>Za ve\u0107e koli\u010dine odobravamo rabat. Kontaktirajte nas za cijenu.<\/p>\n","protected":false},"excerpt":{"rendered":"<p><strong>Minimalna narud\u017eba: 5 kom<\/strong><\/p>\n<p>SPECIFIKACIJE<\/p>\n<p>Neto te\u017eina: 0.25 kg<\/p>\n<p>Marka: PIXO<\/p>\n<p>Dimenzije: 13.4 x 6.7 x 1.7<\/p>\n<p>Vrsta tiska:\u00a0 Laser<\/p>\n<p>Kapacitet 10000 mAh<\/p>\n<p>Materijal: Plastika<\/p>\n<p>Vrsta proizvoda: Izlaz USB, Ulaz tip-C, Ulaz mikro USB<\/p>\n<p>Preporu\u010dene dimenzije tiska: 3 x 6<\/p>\n<p>Opis: Power bank with 10000 mAh capacity, LED panel, rubberized surface and LCD screen in a gift box<\/p>\n<p>Tehnika tiska: Laserska gravura<\/p>\n<p><strong>U cijenu uklju\u010den tisak Va\u0161eg logotipa.<\/strong><\/p>\n<p><strong>LOGOTIP:<\/strong> Logotip slati isklju\u010divo u pdf ili eps formatu, ukoliko nemate u vektorskom formatu kontaktirajte nas u vezi dogovora oko tiska.<\/p>\n<p>&nbsp;<\/p>\n","protected":false},"featured_media":0,"comment_status":"open","ping_status":"closed","template":"","meta":[],"product_brand":[],"product_cat":[75],"product_tag":[],"class_list":{"0":"post-1186","1":"product","2":"type-product","3":"status-publish","5":"product_cat-tehnologija","7":"first","8":"instock","9":"taxable","10":"shipping-taxable","11":"purchasable","12":"product-type-simple"},"yoast_head":"<!-- This site is optimized with the Yoast SEO plugin v27.4 - https:\/\/yoast.com\/product\/yoast-seo-wordpress\/ -->\n<title>LIGHT 10 - Power bank s tiskom - REKLAM<\/title>\n<meta name=\"robots\" content=\"index, follow, max-snippet:-1, max-image-preview:large, max-video-preview:-1\" \/>\n<link rel=\"canonical\" href=\"https:\/\/kcreklame.hr\/shop\/product\/light-10-power-bank-s-tiskom\/\" \/>\n<meta property=\"og:locale\" content=\"hr_HR\" \/>\n<meta property=\"og:type\" content=\"article\" \/>\n<meta property=\"og:title\" content=\"LIGHT 10 - Power bank s tiskom - REKLAM\" \/>\n<meta property=\"og:description\" content=\"Minimalna narud\u017eba: 5 kom  SPECIFIKACIJE  Neto te\u017eina: 0.25 kg  Marka: PIXO  Dimenzije: 13.4 x 6.7 x 1.7  Vrsta tiska:\u00a0 Laser  Kapacitet 10000 mAh  Materijal: Plastika  Vrsta proizvoda: Izlaz USB, Ulaz tip-C, Ulaz mikro USB  Preporu\u010dene dimenzije tiska: 3 x 6  Opis: Power bank with 10000 mAh capacity, LED panel, rubberized surface and LCD screen in a gift box  Tehnika tiska: Laserska gravura  U cijenu uklju\u010den tisak Va\u0161eg logotipa.  LOGOTIP: Logotip slati isklju\u010divo u pdf ili eps formatu, ukoliko nemate u vektorskom formatu kontaktirajte nas u vezi dogovora oko tiska.  &nbsp;\" \/>\n<meta property=\"og:url\" content=\"https:\/\/kcreklame.hr\/shop\/product\/light-10-power-bank-s-tiskom\/\" \/>\n<meta property=\"og:site_name\" content=\"REKLAM\" \/>\n<meta property=\"article:modified_time\" content=\"2024-10-08T21:23:19+00:00\" \/>\n<meta property=\"og:image\" content=\"https:\/\/kcreklame.hr\/shop\/wp-content\/uploads\/2024\/10\/LIght-10.jpg\" \/>\n\t<meta property=\"og:image:width\" content=\"800\" \/>\n\t<meta property=\"og:image:height\" content=\"600\" \/>\n\t<meta property=\"og:image:type\" content=\"image\/jpeg\" \/>\n<meta name=\"twitter:card\" content=\"summary_large_image\" \/>\n<meta name=\"twitter:label1\" content=\"Procijenjeno vrijeme \u010ditanja\" \/>\n\t<meta name=\"twitter:data1\" content=\"1 minuta\" \/>\n<script type=\"application\/ld+json\" class=\"yoast-schema-graph\">{\"@context\":\"https:\\\/\\\/schema.org\",\"@graph\":[{\"@type\":\"WebPage\",\"@id\":\"https:\\\/\\\/kcreklame.hr\\\/shop\\\/product\\\/light-10-power-bank-s-tiskom\\\/\",\"url\":\"https:\\\/\\\/kcreklame.hr\\\/shop\\\/product\\\/light-10-power-bank-s-tiskom\\\/\",\"name\":\"LIGHT 10 - Power bank s tiskom - REKLAM\",\"isPartOf\":{\"@id\":\"https:\\\/\\\/kcreklame.hr\\\/shop\\\/#website\"},\"datePublished\":\"2024-10-08T21:22:18+00:00\",\"dateModified\":\"2024-10-08T21:23:19+00:00\",\"breadcrumb\":{\"@id\":\"https:\\\/\\\/kcreklame.hr\\\/shop\\\/product\\\/light-10-power-bank-s-tiskom\\\/#breadcrumb\"},\"inLanguage\":\"hr\",\"potentialAction\":[{\"@type\":\"ReadAction\",\"target\":[\"https:\\\/\\\/kcreklame.hr\\\/shop\\\/product\\\/light-10-power-bank-s-tiskom\\\/\"]}]},{\"@type\":\"BreadcrumbList\",\"@id\":\"https:\\\/\\\/kcreklame.hr\\\/shop\\\/product\\\/light-10-power-bank-s-tiskom\\\/#breadcrumb\",\"itemListElement\":[{\"@type\":\"ListItem\",\"position\":1,\"name\":\"Po\u010detna stranica\",\"item\":\"https:\\\/\\\/kcreklame.hr\\\/shop\\\/\"},{\"@type\":\"ListItem\",\"position\":2,\"name\":\"Shop\",\"item\":\"https:\\\/\\\/kcreklame.hr\\\/shop\\\/shop\\\/\"},{\"@type\":\"ListItem\",\"position\":3,\"name\":\"LIGHT 10 &#8211; Power bank s tiskom\"}]},{\"@type\":\"WebSite\",\"@id\":\"https:\\\/\\\/kcreklame.hr\\\/shop\\\/#website\",\"url\":\"https:\\\/\\\/kcreklame.hr\\\/shop\\\/\",\"name\":\"REKLAM\",\"description\":\"Promo materijali\",\"potentialAction\":[{\"@type\":\"SearchAction\",\"target\":{\"@type\":\"EntryPoint\",\"urlTemplate\":\"https:\\\/\\\/kcreklame.hr\\\/shop\\\/?s={search_term_string}\"},\"query-input\":{\"@type\":\"PropertyValueSpecification\",\"valueRequired\":true,\"valueName\":\"search_term_string\"}}],\"inLanguage\":\"hr\"}]}<\/script>\n<!-- \/ Yoast SEO plugin. -->","yoast_head_json":{"title":"LIGHT 10 - Power bank s tiskom - REKLAM","robots":{"index":"index","follow":"follow","max-snippet":"max-snippet:-1","max-image-preview":"max-image-preview:large","max-video-preview":"max-video-preview:-1"},"canonical":"https:\/\/kcreklame.hr\/shop\/product\/light-10-power-bank-s-tiskom\/","og_locale":"hr_HR","og_type":"article","og_title":"LIGHT 10 - Power bank s tiskom - REKLAM","og_description":"Minimalna narud\u017eba: 5 kom  SPECIFIKACIJE  Neto te\u017eina: 0.25 kg  Marka: PIXO  Dimenzije: 13.4 x 6.7 x 1.7  Vrsta tiska:\u00a0 Laser  Kapacitet 10000 mAh  Materijal: Plastika  Vrsta proizvoda: Izlaz USB, Ulaz tip-C, Ulaz mikro USB  Preporu\u010dene dimenzije tiska: 3 x 6  Opis: Power bank with 10000 mAh capacity, LED panel, rubberized surface and LCD screen in a gift box  Tehnika tiska: Laserska gravura  U cijenu uklju\u010den tisak Va\u0161eg logotipa.  LOGOTIP: Logotip slati isklju\u010divo u pdf ili eps formatu, ukoliko nemate u vektorskom formatu kontaktirajte nas u vezi dogovora oko tiska.  &nbsp;","og_url":"https:\/\/kcreklame.hr\/shop\/product\/light-10-power-bank-s-tiskom\/","og_site_name":"REKLAM","article_modified_time":"2024-10-08T21:23:19+00:00","og_image":[{"width":800,"height":600,"url":"https:\/\/kcreklame.hr\/shop\/wp-content\/uploads\/2024\/10\/LIght-10.jpg","type":"image\/jpeg"}],"twitter_card":"summary_large_image","twitter_misc":{"Procijenjeno vrijeme \u010ditanja":"1 minuta"},"schema":{"@context":"https:\/\/schema.org","@graph":[{"@type":"WebPage","@id":"https:\/\/kcreklame.hr\/shop\/product\/light-10-power-bank-s-tiskom\/","url":"https:\/\/kcreklame.hr\/shop\/product\/light-10-power-bank-s-tiskom\/","name":"LIGHT 10 - Power bank s tiskom - REKLAM","isPartOf":{"@id":"https:\/\/kcreklame.hr\/shop\/#website"},"datePublished":"2024-10-08T21:22:18+00:00","dateModified":"2024-10-08T21:23:19+00:00","breadcrumb":{"@id":"https:\/\/kcreklame.hr\/shop\/product\/light-10-power-bank-s-tiskom\/#breadcrumb"},"inLanguage":"hr","potentialAction":[{"@type":"ReadAction","target":["https:\/\/kcreklame.hr\/shop\/product\/light-10-power-bank-s-tiskom\/"]}]},{"@type":"BreadcrumbList","@id":"https:\/\/kcreklame.hr\/shop\/product\/light-10-power-bank-s-tiskom\/#breadcrumb","itemListElement":[{"@type":"ListItem","position":1,"name":"Po\u010detna stranica","item":"https:\/\/kcreklame.hr\/shop\/"},{"@type":"ListItem","position":2,"name":"Shop","item":"https:\/\/kcreklame.hr\/shop\/shop\/"},{"@type":"ListItem","position":3,"name":"LIGHT 10 &#8211; Power bank s tiskom"}]},{"@type":"WebSite","@id":"https:\/\/kcreklame.hr\/shop\/#website","url":"https:\/\/kcreklame.hr\/shop\/","name":"REKLAM","description":"Promo materijali","potentialAction":[{"@type":"SearchAction","target":{"@type":"EntryPoint","urlTemplate":"https:\/\/kcreklame.hr\/shop\/?s={search_term_string}"},"query-input":{"@type":"PropertyValueSpecification","valueRequired":true,"valueName":"search_term_string"}}],"inLanguage":"hr"}]}},"jetpack_sharing_enabled":true,"wcpa_form_fields":null,"_links":{"self":[{"href":"https:\/\/kcreklame.hr\/shop\/wp-json\/wp\/v2\/product\/1186","targetHints":{"allow":["GET"]}}],"collection":[{"href":"https:\/\/kcreklame.hr\/shop\/wp-json\/wp\/v2\/product"}],"about":[{"href":"https:\/\/kcreklame.hr\/shop\/wp-json\/wp\/v2\/types\/product"}],"replies":[{"embeddable":true,"href":"https:\/\/kcreklame.hr\/shop\/wp-json\/wp\/v2\/comments?post=1186"}],"wp:attachment":[{"href":"https:\/\/kcreklame.hr\/shop\/wp-json\/wp\/v2\/media?parent=1186"}],"wp:term":[{"taxonomy":"product_brand","embeddable":true,"href":"https:\/\/kcreklame.hr\/shop\/wp-json\/wp\/v2\/product_brand?post=1186"},{"taxonomy":"product_cat","embeddable":true,"href":"https:\/\/kcreklame.hr\/shop\/wp-json\/wp\/v2\/product_cat?post=1186"},{"taxonomy":"product_tag","embeddable":true,"href":"https:\/\/kcreklame.hr\/shop\/wp-json\/wp\/v2\/product_tag?post=1186"}],"curies":[{"name":"wp","href":"https:\/\/api.w.org\/{rel}","templated":true}]}}