{"id":1187,"date":"2024-10-08T21:22:18","date_gmt":"2024-10-08T21:22:18","guid":{"rendered":"https:\/\/kcreklame.hr\/shop\/?post_type=product&#038;p=1187"},"modified":"2024-10-08T21:23:20","modified_gmt":"2024-10-08T21:23:20","slug":"power-bank-punjac-na-privjesku-s-tiskom","status":"publish","type":"product","link":"https:\/\/kcreklame.hr\/shop\/product\/power-bank-punjac-na-privjesku-s-tiskom\/","title":{"rendered":"POWER BANK &#8211; Punja\u010d na privjesku s tiskom"},"content":{"rendered":"<p>Za ve\u0107e koli\u010dine odobravamo rabat. Kontaktirajte nas za cijenu.<\/p>\n","protected":false},"excerpt":{"rendered":"<p>Specifikacije<\/p>\n<ul>\n<li>micro USB + 2 svijetle\u0107a konektora<\/li>\n<li>2600 mAh<\/li>\n<li>9,5 x 2,5 x 2,5 cm<\/li>\n<\/ul>\n<div class=\"woocommerce-product-details__short-description\">\n<p>Tehnika tiska: laserska gravura<\/p>\n<p><strong>U cijenu uklju\u010den tisak Va\u0161eg logotipa.<\/strong><\/p>\n<p><strong>LOGOTIP:<\/strong> Logotip slati isklju\u010divo u pdf ili eps formatu, ukoliko nemate u vektorskom formatu kontaktirajte nas u vezi dogovora oko tiska.<\/p>\n<\/div>\n<form class=\"cart\" action=\"https:\/\/kcreklame.hr\/product\/usb-stick-kartica\/\" enctype=\"multipart\/form-data\" method=\"post\">\n<div class=\"wcpa_form_outer\" data-product=\"{&quot;wc_product_price&quot;:40,&quot;wc_product_regular_price&quot;:55,&quot;wc_product_price_default&quot;:40,&quot;product_title&quot;:&quot;&quot;,&quot;con_unit&quot;:1,&quot;product_id&quot;:10398,&quot;is_variable&quot;:false,&quot;stock_status&quot;:&quot;instock&quot;,&quot;stock_quantity&quot;:93,&quot;product_attributes&quot;:[],&quot;product_cfs&quot;:[]}\" data-rules=\"{&quot;pric_overide_base_price&quot;:false,&quot;pric_overide_base_price_if_gt_zero&quot;:false,&quot;pric_overide_base_price_fully&quot;:false,&quot;pric_cal_option_once&quot;:false,&quot;pric_use_as_fee&quot;:false,&quot;bind_quantity&quot;:false,&quot;quantity_bind_formula&quot;:false}\">\n<div class=\"wcpa_row\">\n<div id=\"wcpa-paragraph-1604560112631\" class=\"wcpa_form_item wcpa_type_paragraph wcpa_form_id_11684 \" data-type=\"paragraph\"><\/div>\n<\/div>\n<\/div>\n<\/form>\n<p>&nbsp;<\/p>\n","protected":false},"featured_media":0,"comment_status":"open","ping_status":"closed","template":"","meta":[],"product_brand":[],"product_cat":[75],"product_tag":[],"class_list":{"0":"post-1187","1":"product","2":"type-product","3":"status-publish","5":"product_cat-tehnologija","7":"first","8":"instock","9":"taxable","10":"shipping-taxable","11":"purchasable","12":"product-type-simple"},"yoast_head":"<!-- This site is optimized with the Yoast SEO plugin v27.4 - https:\/\/yoast.com\/product\/yoast-seo-wordpress\/ -->\n<title>POWER BANK - Punja\u010d na privjesku s tiskom - REKLAM<\/title>\n<meta name=\"robots\" content=\"index, follow, max-snippet:-1, max-image-preview:large, max-video-preview:-1\" \/>\n<link rel=\"canonical\" href=\"https:\/\/kcreklame.hr\/shop\/product\/power-bank-punjac-na-privjesku-s-tiskom\/\" \/>\n<meta property=\"og:locale\" content=\"hr_HR\" \/>\n<meta property=\"og:type\" content=\"article\" \/>\n<meta property=\"og:title\" content=\"POWER BANK - Punja\u010d na privjesku s tiskom - REKLAM\" \/>\n<meta property=\"og:description\" content=\"Specifikacije   micro USB + 2 svijetle\u0107a konektora  2600 mAh  9,5 x 2,5 x 2,5 cm    Tehnika tiska: laserska gravura  U cijenu uklju\u010den tisak Va\u0161eg logotipa.  LOGOTIP: Logotip slati isklju\u010divo u pdf ili eps formatu, ukoliko nemate u vektorskom formatu kontaktirajte nas u vezi dogovora oko tiska.         &nbsp;\" \/>\n<meta property=\"og:url\" content=\"https:\/\/kcreklame.hr\/shop\/product\/power-bank-punjac-na-privjesku-s-tiskom\/\" \/>\n<meta property=\"og:site_name\" content=\"REKLAM\" \/>\n<meta property=\"article:modified_time\" content=\"2024-10-08T21:23:20+00:00\" \/>\n<meta property=\"og:image\" content=\"https:\/\/kcreklame.hr\/shop\/wp-content\/uploads\/2024\/10\/punjacpowerbank.jpg\" \/>\n\t<meta property=\"og:image:width\" content=\"350\" \/>\n\t<meta property=\"og:image:height\" content=\"350\" \/>\n\t<meta property=\"og:image:type\" content=\"image\/jpeg\" \/>\n<meta name=\"twitter:card\" content=\"summary_large_image\" \/>\n<meta name=\"twitter:label1\" content=\"Procijenjeno vrijeme \u010ditanja\" \/>\n\t<meta name=\"twitter:data1\" content=\"1 minuta\" \/>\n<script type=\"application\/ld+json\" class=\"yoast-schema-graph\">{\"@context\":\"https:\\\/\\\/schema.org\",\"@graph\":[{\"@type\":\"WebPage\",\"@id\":\"https:\\\/\\\/kcreklame.hr\\\/shop\\\/product\\\/power-bank-punjac-na-privjesku-s-tiskom\\\/\",\"url\":\"https:\\\/\\\/kcreklame.hr\\\/shop\\\/product\\\/power-bank-punjac-na-privjesku-s-tiskom\\\/\",\"name\":\"POWER BANK - Punja\u010d na privjesku s tiskom - REKLAM\",\"isPartOf\":{\"@id\":\"https:\\\/\\\/kcreklame.hr\\\/shop\\\/#website\"},\"datePublished\":\"2024-10-08T21:22:18+00:00\",\"dateModified\":\"2024-10-08T21:23:20+00:00\",\"breadcrumb\":{\"@id\":\"https:\\\/\\\/kcreklame.hr\\\/shop\\\/product\\\/power-bank-punjac-na-privjesku-s-tiskom\\\/#breadcrumb\"},\"inLanguage\":\"hr\",\"potentialAction\":[{\"@type\":\"ReadAction\",\"target\":[\"https:\\\/\\\/kcreklame.hr\\\/shop\\\/product\\\/power-bank-punjac-na-privjesku-s-tiskom\\\/\"]}]},{\"@type\":\"BreadcrumbList\",\"@id\":\"https:\\\/\\\/kcreklame.hr\\\/shop\\\/product\\\/power-bank-punjac-na-privjesku-s-tiskom\\\/#breadcrumb\",\"itemListElement\":[{\"@type\":\"ListItem\",\"position\":1,\"name\":\"Po\u010detna stranica\",\"item\":\"https:\\\/\\\/kcreklame.hr\\\/shop\\\/\"},{\"@type\":\"ListItem\",\"position\":2,\"name\":\"Shop\",\"item\":\"https:\\\/\\\/kcreklame.hr\\\/shop\\\/shop\\\/\"},{\"@type\":\"ListItem\",\"position\":3,\"name\":\"POWER BANK &#8211; Punja\u010d na privjesku s tiskom\"}]},{\"@type\":\"WebSite\",\"@id\":\"https:\\\/\\\/kcreklame.hr\\\/shop\\\/#website\",\"url\":\"https:\\\/\\\/kcreklame.hr\\\/shop\\\/\",\"name\":\"REKLAM\",\"description\":\"Promo materijali\",\"potentialAction\":[{\"@type\":\"SearchAction\",\"target\":{\"@type\":\"EntryPoint\",\"urlTemplate\":\"https:\\\/\\\/kcreklame.hr\\\/shop\\\/?s={search_term_string}\"},\"query-input\":{\"@type\":\"PropertyValueSpecification\",\"valueRequired\":true,\"valueName\":\"search_term_string\"}}],\"inLanguage\":\"hr\"}]}<\/script>\n<!-- \/ Yoast SEO plugin. -->","yoast_head_json":{"title":"POWER BANK - Punja\u010d na privjesku s tiskom - REKLAM","robots":{"index":"index","follow":"follow","max-snippet":"max-snippet:-1","max-image-preview":"max-image-preview:large","max-video-preview":"max-video-preview:-1"},"canonical":"https:\/\/kcreklame.hr\/shop\/product\/power-bank-punjac-na-privjesku-s-tiskom\/","og_locale":"hr_HR","og_type":"article","og_title":"POWER BANK - Punja\u010d na privjesku s tiskom - REKLAM","og_description":"Specifikacije   micro USB + 2 svijetle\u0107a konektora  2600 mAh  9,5 x 2,5 x 2,5 cm    Tehnika tiska: laserska gravura  U cijenu uklju\u010den tisak Va\u0161eg logotipa.  LOGOTIP: Logotip slati isklju\u010divo u pdf ili eps formatu, ukoliko nemate u vektorskom formatu kontaktirajte nas u vezi dogovora oko tiska.         &nbsp;","og_url":"https:\/\/kcreklame.hr\/shop\/product\/power-bank-punjac-na-privjesku-s-tiskom\/","og_site_name":"REKLAM","article_modified_time":"2024-10-08T21:23:20+00:00","og_image":[{"width":350,"height":350,"url":"https:\/\/kcreklame.hr\/shop\/wp-content\/uploads\/2024\/10\/punjacpowerbank.jpg","type":"image\/jpeg"}],"twitter_card":"summary_large_image","twitter_misc":{"Procijenjeno vrijeme \u010ditanja":"1 minuta"},"schema":{"@context":"https:\/\/schema.org","@graph":[{"@type":"WebPage","@id":"https:\/\/kcreklame.hr\/shop\/product\/power-bank-punjac-na-privjesku-s-tiskom\/","url":"https:\/\/kcreklame.hr\/shop\/product\/power-bank-punjac-na-privjesku-s-tiskom\/","name":"POWER BANK - Punja\u010d na privjesku s tiskom - REKLAM","isPartOf":{"@id":"https:\/\/kcreklame.hr\/shop\/#website"},"datePublished":"2024-10-08T21:22:18+00:00","dateModified":"2024-10-08T21:23:20+00:00","breadcrumb":{"@id":"https:\/\/kcreklame.hr\/shop\/product\/power-bank-punjac-na-privjesku-s-tiskom\/#breadcrumb"},"inLanguage":"hr","potentialAction":[{"@type":"ReadAction","target":["https:\/\/kcreklame.hr\/shop\/product\/power-bank-punjac-na-privjesku-s-tiskom\/"]}]},{"@type":"BreadcrumbList","@id":"https:\/\/kcreklame.hr\/shop\/product\/power-bank-punjac-na-privjesku-s-tiskom\/#breadcrumb","itemListElement":[{"@type":"ListItem","position":1,"name":"Po\u010detna stranica","item":"https:\/\/kcreklame.hr\/shop\/"},{"@type":"ListItem","position":2,"name":"Shop","item":"https:\/\/kcreklame.hr\/shop\/shop\/"},{"@type":"ListItem","position":3,"name":"POWER BANK &#8211; Punja\u010d na privjesku s tiskom"}]},{"@type":"WebSite","@id":"https:\/\/kcreklame.hr\/shop\/#website","url":"https:\/\/kcreklame.hr\/shop\/","name":"REKLAM","description":"Promo materijali","potentialAction":[{"@type":"SearchAction","target":{"@type":"EntryPoint","urlTemplate":"https:\/\/kcreklame.hr\/shop\/?s={search_term_string}"},"query-input":{"@type":"PropertyValueSpecification","valueRequired":true,"valueName":"search_term_string"}}],"inLanguage":"hr"}]}},"jetpack_sharing_enabled":true,"wcpa_form_fields":null,"_links":{"self":[{"href":"https:\/\/kcreklame.hr\/shop\/wp-json\/wp\/v2\/product\/1187","targetHints":{"allow":["GET"]}}],"collection":[{"href":"https:\/\/kcreklame.hr\/shop\/wp-json\/wp\/v2\/product"}],"about":[{"href":"https:\/\/kcreklame.hr\/shop\/wp-json\/wp\/v2\/types\/product"}],"replies":[{"embeddable":true,"href":"https:\/\/kcreklame.hr\/shop\/wp-json\/wp\/v2\/comments?post=1187"}],"wp:attachment":[{"href":"https:\/\/kcreklame.hr\/shop\/wp-json\/wp\/v2\/media?parent=1187"}],"wp:term":[{"taxonomy":"product_brand","embeddable":true,"href":"https:\/\/kcreklame.hr\/shop\/wp-json\/wp\/v2\/product_brand?post=1187"},{"taxonomy":"product_cat","embeddable":true,"href":"https:\/\/kcreklame.hr\/shop\/wp-json\/wp\/v2\/product_cat?post=1187"},{"taxonomy":"product_tag","embeddable":true,"href":"https:\/\/kcreklame.hr\/shop\/wp-json\/wp\/v2\/product_tag?post=1187"}],"curies":[{"name":"wp","href":"https:\/\/api.w.org\/{rel}","templated":true}]}}