{"id":356,"date":"2024-09-29T19:00:46","date_gmt":"2024-09-29T19:00:46","guid":{"rendered":"https:\/\/kcreklame.hr\/shop\/?post_type=product&#038;p=356"},"modified":"2024-10-03T21:27:15","modified_gmt":"2024-10-03T21:27:15","slug":"zippo","status":"publish","type":"product","link":"https:\/\/kcreklame.hr\/shop\/product\/zippo\/","title":{"rendered":"ZIPPO"},"content":{"rendered":"<p>Za ve\u0107e koli\u010dine odobravamo rabat. Kontaktirajte nas za cijenu.<\/p>\n","protected":false},"excerpt":{"rendered":"<p>Uklju\u010dena jednostrana laserska gravura Va\u0161eg logotipa.<strong><br \/>\n<\/strong><strong>Minimalna narud\u017eba: <\/strong>5 kom<\/p>\n<p><strong>SPECIFIKACIJE<br \/>\n<\/strong><strong>Marka:<\/strong> ZIPPO<br \/>\n<strong>Materijal:<\/strong> Metal<br \/>\n<strong>Tehnika tiska:<\/strong> Laserska gravura<\/p>\n","protected":false},"featured_media":637,"comment_status":"closed","ping_status":"closed","template":"","meta":[],"product_brand":[],"product_cat":[36],"product_tag":[],"class_list":{"0":"post-356","1":"product","2":"type-product","3":"status-publish","4":"has-post-thumbnail","6":"product_cat-upaljaci","7":"wcpa_has_options","9":"first","10":"instock","11":"taxable","12":"shipping-taxable","13":"purchasable","14":"product-type-simple"},"yoast_head":"<!-- This site is optimized with the Yoast SEO plugin v27.4 - https:\/\/yoast.com\/product\/yoast-seo-wordpress\/ -->\n<title>ZIPPO - REKLAM<\/title>\n<meta name=\"robots\" content=\"index, follow, max-snippet:-1, max-image-preview:large, max-video-preview:-1\" \/>\n<link rel=\"canonical\" href=\"https:\/\/kcreklame.hr\/shop\/product\/zippo\/\" \/>\n<meta property=\"og:locale\" content=\"hr_HR\" \/>\n<meta property=\"og:type\" content=\"article\" \/>\n<meta property=\"og:title\" content=\"ZIPPO - REKLAM\" \/>\n<meta property=\"og:description\" content=\"Uklju\u010dena jednostrana laserska gravura Va\u0161eg logotipa. Minimalna narud\u017eba: 5 kom  SPECIFIKACIJE Marka: ZIPPO Materijal: Metal Tehnika tiska: Laserska gravura\" \/>\n<meta property=\"og:url\" content=\"https:\/\/kcreklame.hr\/shop\/product\/zippo\/\" \/>\n<meta property=\"og:site_name\" content=\"REKLAM\" \/>\n<meta property=\"article:modified_time\" content=\"2024-10-03T21:27:15+00:00\" \/>\n<meta property=\"og:image\" content=\"https:\/\/kcreklame.hr\/shop\/wp-content\/uploads\/2024\/10\/240456-01.jpg\" \/>\n\t<meta property=\"og:image:width\" content=\"938\" \/>\n\t<meta property=\"og:image:height\" content=\"924\" \/>\n\t<meta property=\"og:image:type\" content=\"image\/jpeg\" \/>\n<meta name=\"twitter:card\" content=\"summary_large_image\" \/>\n<meta name=\"twitter:label1\" content=\"Procijenjeno vrijeme \u010ditanja\" \/>\n\t<meta name=\"twitter:data1\" content=\"1 minuta\" \/>\n<script type=\"application\/ld+json\" class=\"yoast-schema-graph\">{\"@context\":\"https:\\\/\\\/schema.org\",\"@graph\":[{\"@type\":\"WebPage\",\"@id\":\"https:\\\/\\\/kcreklame.hr\\\/shop\\\/product\\\/zippo\\\/\",\"url\":\"https:\\\/\\\/kcreklame.hr\\\/shop\\\/product\\\/zippo\\\/\",\"name\":\"ZIPPO - REKLAM\",\"isPartOf\":{\"@id\":\"https:\\\/\\\/kcreklame.hr\\\/shop\\\/#website\"},\"primaryImageOfPage\":{\"@id\":\"https:\\\/\\\/kcreklame.hr\\\/shop\\\/product\\\/zippo\\\/#primaryimage\"},\"image\":{\"@id\":\"https:\\\/\\\/kcreklame.hr\\\/shop\\\/product\\\/zippo\\\/#primaryimage\"},\"thumbnailUrl\":\"https:\\\/\\\/kcreklame.hr\\\/shop\\\/wp-content\\\/uploads\\\/2024\\\/10\\\/240456-01.jpg\",\"datePublished\":\"2024-09-29T19:00:46+00:00\",\"dateModified\":\"2024-10-03T21:27:15+00:00\",\"breadcrumb\":{\"@id\":\"https:\\\/\\\/kcreklame.hr\\\/shop\\\/product\\\/zippo\\\/#breadcrumb\"},\"inLanguage\":\"hr\",\"potentialAction\":[{\"@type\":\"ReadAction\",\"target\":[\"https:\\\/\\\/kcreklame.hr\\\/shop\\\/product\\\/zippo\\\/\"]}]},{\"@type\":\"ImageObject\",\"inLanguage\":\"hr\",\"@id\":\"https:\\\/\\\/kcreklame.hr\\\/shop\\\/product\\\/zippo\\\/#primaryimage\",\"url\":\"https:\\\/\\\/kcreklame.hr\\\/shop\\\/wp-content\\\/uploads\\\/2024\\\/10\\\/240456-01.jpg\",\"contentUrl\":\"https:\\\/\\\/kcreklame.hr\\\/shop\\\/wp-content\\\/uploads\\\/2024\\\/10\\\/240456-01.jpg\",\"width\":938,\"height\":924},{\"@type\":\"BreadcrumbList\",\"@id\":\"https:\\\/\\\/kcreklame.hr\\\/shop\\\/product\\\/zippo\\\/#breadcrumb\",\"itemListElement\":[{\"@type\":\"ListItem\",\"position\":1,\"name\":\"Po\u010detna stranica\",\"item\":\"https:\\\/\\\/kcreklame.hr\\\/shop\\\/\"},{\"@type\":\"ListItem\",\"position\":2,\"name\":\"Shop\",\"item\":\"https:\\\/\\\/kcreklame.hr\\\/shop\\\/shop\\\/\"},{\"@type\":\"ListItem\",\"position\":3,\"name\":\"ZIPPO\"}]},{\"@type\":\"WebSite\",\"@id\":\"https:\\\/\\\/kcreklame.hr\\\/shop\\\/#website\",\"url\":\"https:\\\/\\\/kcreklame.hr\\\/shop\\\/\",\"name\":\"REKLAM\",\"description\":\"Promo materijali\",\"potentialAction\":[{\"@type\":\"SearchAction\",\"target\":{\"@type\":\"EntryPoint\",\"urlTemplate\":\"https:\\\/\\\/kcreklame.hr\\\/shop\\\/?s={search_term_string}\"},\"query-input\":{\"@type\":\"PropertyValueSpecification\",\"valueRequired\":true,\"valueName\":\"search_term_string\"}}],\"inLanguage\":\"hr\"}]}<\/script>\n<!-- \/ Yoast SEO plugin. -->","yoast_head_json":{"title":"ZIPPO - REKLAM","robots":{"index":"index","follow":"follow","max-snippet":"max-snippet:-1","max-image-preview":"max-image-preview:large","max-video-preview":"max-video-preview:-1"},"canonical":"https:\/\/kcreklame.hr\/shop\/product\/zippo\/","og_locale":"hr_HR","og_type":"article","og_title":"ZIPPO - REKLAM","og_description":"Uklju\u010dena jednostrana laserska gravura Va\u0161eg logotipa. Minimalna narud\u017eba: 5 kom  SPECIFIKACIJE Marka: ZIPPO Materijal: Metal Tehnika tiska: Laserska gravura","og_url":"https:\/\/kcreklame.hr\/shop\/product\/zippo\/","og_site_name":"REKLAM","article_modified_time":"2024-10-03T21:27:15+00:00","og_image":[{"width":938,"height":924,"url":"https:\/\/kcreklame.hr\/shop\/wp-content\/uploads\/2024\/10\/240456-01.jpg","type":"image\/jpeg"}],"twitter_card":"summary_large_image","twitter_misc":{"Procijenjeno vrijeme \u010ditanja":"1 minuta"},"schema":{"@context":"https:\/\/schema.org","@graph":[{"@type":"WebPage","@id":"https:\/\/kcreklame.hr\/shop\/product\/zippo\/","url":"https:\/\/kcreklame.hr\/shop\/product\/zippo\/","name":"ZIPPO - REKLAM","isPartOf":{"@id":"https:\/\/kcreklame.hr\/shop\/#website"},"primaryImageOfPage":{"@id":"https:\/\/kcreklame.hr\/shop\/product\/zippo\/#primaryimage"},"image":{"@id":"https:\/\/kcreklame.hr\/shop\/product\/zippo\/#primaryimage"},"thumbnailUrl":"https:\/\/kcreklame.hr\/shop\/wp-content\/uploads\/2024\/10\/240456-01.jpg","datePublished":"2024-09-29T19:00:46+00:00","dateModified":"2024-10-03T21:27:15+00:00","breadcrumb":{"@id":"https:\/\/kcreklame.hr\/shop\/product\/zippo\/#breadcrumb"},"inLanguage":"hr","potentialAction":[{"@type":"ReadAction","target":["https:\/\/kcreklame.hr\/shop\/product\/zippo\/"]}]},{"@type":"ImageObject","inLanguage":"hr","@id":"https:\/\/kcreklame.hr\/shop\/product\/zippo\/#primaryimage","url":"https:\/\/kcreklame.hr\/shop\/wp-content\/uploads\/2024\/10\/240456-01.jpg","contentUrl":"https:\/\/kcreklame.hr\/shop\/wp-content\/uploads\/2024\/10\/240456-01.jpg","width":938,"height":924},{"@type":"BreadcrumbList","@id":"https:\/\/kcreklame.hr\/shop\/product\/zippo\/#breadcrumb","itemListElement":[{"@type":"ListItem","position":1,"name":"Po\u010detna stranica","item":"https:\/\/kcreklame.hr\/shop\/"},{"@type":"ListItem","position":2,"name":"Shop","item":"https:\/\/kcreklame.hr\/shop\/shop\/"},{"@type":"ListItem","position":3,"name":"ZIPPO"}]},{"@type":"WebSite","@id":"https:\/\/kcreklame.hr\/shop\/#website","url":"https:\/\/kcreklame.hr\/shop\/","name":"REKLAM","description":"Promo materijali","potentialAction":[{"@type":"SearchAction","target":{"@type":"EntryPoint","urlTemplate":"https:\/\/kcreklame.hr\/shop\/?s={search_term_string}"},"query-input":{"@type":"PropertyValueSpecification","valueRequired":true,"valueName":"search_term_string"}}],"inLanguage":"hr"}]}},"jetpack_sharing_enabled":true,"wcpa_form_fields":{"wcpaData":{"product":{"product_price":36,"price_html":"<span class=\"woocommerce-Price-amount amount\"><bdi>36,00&nbsp;<span class=\"woocommerce-Price-currencySymbol\">&euro;<\/span><\/bdi><\/span> <small class=\"woocommerce-price-suffix\">+PDV<\/small>","original_product_price":36,"price_including_tax":45,"price_excluding_tax":36,"product_id":{"parent":356,"variation":false},"is_variable":false,"stock_status":"instock","stock_quantity":null,"parent_sku":"EC240456","product_attributes":[],"custom_fields":[],"is_taxable":true,"product_name":"ZIPPO"},"fields":{"sec_866fed1097cf19":{"extra":{"key":"sec_866fed1097cf19","section_id":"sec_866fed1097cf19","name":"Default","status":1,"cl_rule":"show","enableCl":false,"relations":[],"toggle":true,"title_tag":"h3","show_title":false,"showPrice":"default","form_id":591,"form_rules":{"exclude_from_discount":false,"fee_label":"Fee","disp_hide_options_price":false,"disp_show_section_price":false,"disp_show_field_price":true,"layout_option":"standard","pric_use_as_fee":false,"process_fee_as":"woo_fee"},"layout_option":"standard"},"fields":[[{"active":true,"col":6,"relations":false,"cl_rule":"show","enableCl":false,"price":"","enablePrice":false,"className":"","label_position":"default","desc_position":"default","type":"file","required":false,"elementId":"file_9757158861","name":"file_9757158861","label":"LOGOTIP: slati isklju\u010divo u PDF ili EPS formatu ili nas kontaktirajte u vezi dogovora oko tiska.","upload_type":"basic","uploadSize":500,"file_types":["images","docs","design"],"error":false,"multiple_upload":true,"placeholder":"ISPUSTI LOGO OVDJE","description":"","tooltip":"","hideFieldIn_cart":true,"hideFieldIn_order":true,"allowedFileTypes":"image\/*,.doc,.docx,.xml,.dot,.docm,.dotm,.dotx,.htm,.html,.odt,.pdf,.rtf,.txt,.wps,.xps,application\/msword,application\/vnd,.psd,.eps,.ai,.indd,.raw","gt_translate_keys":["label","placeholder","description","tooltip"],"price_dependency":false,"cl_dependency":false,"value":""}]]}},"config":{"price_override":"","enable_recaptcha":false,"bind_quantity":false,"quantity_bind_formula":false,"disp_summ_show_option_price":true,"disp_summ_show_product_price":true,"disp_summ_show_total_price":true,"disp_summ_show_fee":false,"disp_summ_show_discount":false,"summary_title":"","options_total_label":"Options Price","total_label":"Total","options_product_label":"Product Price","fee_label":"Fee","discount_label":"Discount","has_price":true,"has_quantity_formula":false},"mc_unit":1,"tax_rate":1,"tax_rate_real":0.25,"discount":{"percentage":0,"fixed":0},"design":{"conf":{"LabelPosition":"above","DescPosition":"above","UploadField":"custom_1","QuantityFieldStyle":"default"},"css":{"LeftLabelWidth":"120px"}},"formulas":[],"clones":false,"cartKey":false}},"_links":{"self":[{"href":"https:\/\/kcreklame.hr\/shop\/wp-json\/wp\/v2\/product\/356","targetHints":{"allow":["GET"]}}],"collection":[{"href":"https:\/\/kcreklame.hr\/shop\/wp-json\/wp\/v2\/product"}],"about":[{"href":"https:\/\/kcreklame.hr\/shop\/wp-json\/wp\/v2\/types\/product"}],"replies":[{"embeddable":true,"href":"https:\/\/kcreklame.hr\/shop\/wp-json\/wp\/v2\/comments?post=356"}],"wp:featuredmedia":[{"embeddable":true,"href":"https:\/\/kcreklame.hr\/shop\/wp-json\/wp\/v2\/media\/637"}],"wp:attachment":[{"href":"https:\/\/kcreklame.hr\/shop\/wp-json\/wp\/v2\/media?parent=356"}],"wp:term":[{"taxonomy":"product_brand","embeddable":true,"href":"https:\/\/kcreklame.hr\/shop\/wp-json\/wp\/v2\/product_brand?post=356"},{"taxonomy":"product_cat","embeddable":true,"href":"https:\/\/kcreklame.hr\/shop\/wp-json\/wp\/v2\/product_cat?post=356"},{"taxonomy":"product_tag","embeddable":true,"href":"https:\/\/kcreklame.hr\/shop\/wp-json\/wp\/v2\/product_tag?post=356"}],"curies":[{"name":"wp","href":"https:\/\/api.w.org\/{rel}","templated":true}]}}